{"id":178,"date":"2018-03-16T10:54:08","date_gmt":"2018-03-16T10:54:08","guid":{"rendered":"https:\/\/frankfurterpoloclub.de\/?page_id=178"},"modified":"2026-01-31T20:47:39","modified_gmt":"2026-01-31T20:47:39","slug":"jugend","status":"publish","type":"page","link":"https:\/\/frankfurterpoloclub.de\/index.php\/jugend\/","title":{"rendered":"Jugend"},"content":{"rendered":"<section class=\"wpb-content-wrapper\"><p>[vc_row][vc_column width=&#8220;1\/3&#8243;][\/vc_column][vc_column width=&#8220;1\/3&#8243;][vc_icon icon_fontawesome=&#8220;fa fa-angle-double-down&#8220; color=&#8220;custom&#8220; size=&#8220;xl&#8220; align=&#8220;center&#8220; css_animation=&#8220;fadeInDown&#8220; el_class=&#8220;myicon animated infinite fadeInDownShort&#8220; custom_color=&#8220;#00652a&#8220;][\/vc_column][vc_column width=&#8220;1\/3&#8243;][\/vc_column][\/vc_row][vc_row css=&#8220;.vc_custom_1582033687511{margin-top: -25px !important;}&#8220;][vc_column][vc_custom_heading text=&#8220;Jugend F\u00f6rderung&#8220; font_container=&#8220;tag:h2|text_align:center&#8220; use_theme_fonts=&#8220;yes&#8220; css=&#8220;.vc_custom_1769892359792{margin-top: -35px !important;}&#8220;][vc_empty_space height=&#8220;8px&#8220;][\/vc_column][\/vc_row][vc_row][vc_column width=&#8220;1\/2&#8243;][vc_column_text]<\/p>\n<h3>Wir sind stolz auf unseren Nachwuchs!<\/h3>\n<p>Polo ist in Deutschland noch eine Randsportart, die ohne Leistungsdruck funktioniert. Der Spa\u00df und die Liebe zum Tier stehen im Vordergrund. Die Pflege des Pferdes und das Reiten stehen an erster Stelle, nach und nach wird das Polospielen erlernt.<\/p>\n<p>Unser Club ist international. Der Unterricht findet auf Englisch sowie auf Deutsch oder Spanisch statt.<\/p>\n<p>Auch f\u00fcr die Kleinsten gibt es schon M\u00f6glichkeiten, Ihr K\u00f6nnen unter Beweis zu stellen. Bei unseren Turnierveranstaltungen treten sie oft in den Chukkerpausen gegeneinander an oder wir fahren zu deutschlandweit ausgerichteten Jugendturnieren.[\/vc_column_text][\/vc_column][vc_column width=&#8220;1\/2&#8243;][vc_video link=&#8220;https:\/\/youtu.be\/Bplb1D3PzGo&#8220;][\/vc_column][\/vc_row][vc_row][vc_column][vc_empty_space height=&#8220;16px&#8220;][\/vc_column][\/vc_row]<\/p>\n<\/section>","protected":false},"excerpt":{"rendered":"<p>[vc_row][vc_column width=&#8220;1\/3&#8243;][\/vc_column][vc_column width=&#8220;1\/3&#8243;][vc_icon icon_fontawesome=&#8220;fa fa-angle-double-down&#8220; color=&#8220;custom&#8220; size=&#8220;xl&#8220; align=&#8220;center&#8220; css_animation=&#8220;fadeInDown&#8220; el_class=&#8220;myicon animated infinite fadeInDownShort&#8220; custom_color=&#8220;#00652a&#8220;][\/vc_column][vc_column width=&#8220;1\/3&#8243;][\/vc_column][\/vc_row][vc_row css=&#8220;.vc_custom_1582033687511{margin-top: -25px !important;}&#8220;][vc_column][vc_custom_heading text=&#8220;Jugend F\u00f6rderung&#8220; font_container=&#8220;tag:h2|text_align:center&#8220; use_theme_fonts=&#8220;yes&#8220; css=&#8220;.vc_custom_1769892359792{margin-top: -35px !important;}&#8220;][vc_empty_space height=&#8220;8px&#8220;][\/vc_column][\/vc_row][vc_row][vc_column<span class=\"excerpt-hellip\"> [\u2026]<\/span><\/p>\n","protected":false},"author":1,"featured_media":0,"parent":0,"menu_order":0,"comment_status":"closed","ping_status":"closed","template":"","meta":[],"_links":{"self":[{"href":"https:\/\/frankfurterpoloclub.de\/index.php\/wp-json\/wp\/v2\/pages\/178"}],"collection":[{"href":"https:\/\/frankfurterpoloclub.de\/index.php\/wp-json\/wp\/v2\/pages"}],"about":[{"href":"https:\/\/frankfurterpoloclub.de\/index.php\/wp-json\/wp\/v2\/types\/page"}],"author":[{"embeddable":true,"href":"https:\/\/frankfurterpoloclub.de\/index.php\/wp-json\/wp\/v2\/users\/1"}],"replies":[{"embeddable":true,"href":"https:\/\/frankfurterpoloclub.de\/index.php\/wp-json\/wp\/v2\/comments?post=178"}],"version-history":[{"count":11,"href":"https:\/\/frankfurterpoloclub.de\/index.php\/wp-json\/wp\/v2\/pages\/178\/revisions"}],"predecessor-version":[{"id":474,"href":"https:\/\/frankfurterpoloclub.de\/index.php\/wp-json\/wp\/v2\/pages\/178\/revisions\/474"}],"wp:attachment":[{"href":"https:\/\/frankfurterpoloclub.de\/index.php\/wp-json\/wp\/v2\/media?parent=178"}],"curies":[{"name":"wp","href":"https:\/\/api.w.org\/{rel}","templated":true}]}}